{"id":151,"date":"2020-11-20T03:34:09","date_gmt":"2020-11-20T03:34:09","guid":{"rendered":"https:\/\/maysfc.com\/about-us\/"},"modified":"2022-10-25T17:11:48","modified_gmt":"2022-10-25T17:11:48","slug":"about-us","status":"publish","type":"page","link":"https:\/\/maysfc.com\/en\/about-us\/","title":{"rendered":"About us"},"content":{"rendered":"<!--themify_builder_content-->\n<div id=\"themify_builder_content-151\" data-postid=\"151\" class=\"themify_builder_content themify_builder_content-151 themify_builder tf_clear\">\n                    <div  data-lazy=\"1\" class=\"module_row themify_builder_row tb_x960580 tb_first tf_w\">\n                        <div class=\"row_inner col_align_top tb_col_count_1 tf_box tf_rel\">\n                        <div  data-lazy=\"1\" class=\"module_column tb-column col-full tb_b2gh581 first\">\n                    <!-- module image -->\n<div  class=\"module module-image tb_ejjc341 image-top   tf_mw\" data-lazy=\"1\">\n        <div class=\"image-wrap tf_rel tf_mw\">\n            <img loading=\"lazy\" decoding=\"async\" src=\"https:\/\/maysfc.com\/wp-content\/uploads\/2022\/02\/spain-g9f2b6d2b8_1920-1024x682-1158x556.jpg\" width=\"1158\" height=\"556\" class=\"wp-post-image wp-image-131\" title=\"spain-g9f2b6d2b8_1920\" alt=\"spain-g9f2b6d2b8_1920\">    \n        <\/div>\n    <!-- \/image-wrap -->\n    \n        <\/div>\n<!-- \/module image -->        <\/div>\n                        <\/div>\n        <\/div>\n                        <div  data-lazy=\"1\" class=\"module_row themify_builder_row tb_fj7q32 tf_w\">\n                        <div class=\"row_inner gutter-none col_align_top tb_col_count_2 tf_box tf_rel\">\n                        <div  data-lazy=\"1\" class=\"module_column tb-column col4-2 tb_2dyr32 first\">\n                    <!-- module text -->\n<div  class=\"module module-text tb_egrx82   \" data-lazy=\"1\">\n        <div  class=\"tb_text_wrap\">\n        \n          <h3 style=\"text-align: left;\">We are a company with decades of experience<br>in international<br>real estate brokerage.<\/h3>\n            <\/div>\n<\/div>\n<!-- \/module text --><!-- module text -->\n<div  class=\"module module-text tb_ulpi437   \" data-lazy=\"1\">\n        <div  class=\"tb_text_wrap\">\n        \n          <p>\n            <span style=\"font-weight: 400;\">Our team consists of international professionals who have helped in the purchase\/ sale of several thousand properties.<br>We advise on choosing the best real estate, as well as choosing the most advantageous loan offer for your dream property.<\/span>\n          <\/p>\n            <\/div>\n<\/div>\n<!-- \/module text -->        <\/div>\n                    <div  data-lazy=\"1\" class=\"module_column tb-column col4-2 tb_b96b829 last\">\n                    <!-- module image -->\n<div  class=\"module module-image tb_4dqr905 image-top   tf_mw\" data-lazy=\"1\" data-lax-translate-y=\"(vh*1) 0,(vh*0) -70\" data-lax=\"true\">\n        <div class=\"image-wrap tf_rel tf_mw\">\n            <img loading=\"lazy\" decoding=\"async\" src=\"https:\/\/maysfc.com\/wp-content\/uploads\/2022\/02\/businesses-g77de89c28_1920-1024x694-480x510.webp\" width=\"480\" height=\"510\" class=\"wp-post-image wp-image-123\" title=\"businesses-g77de89c28_1920\" alt=\"businesses-g77de89c28_1920\">    \n        <\/div>\n    <!-- \/image-wrap -->\n    \n        <\/div>\n<!-- \/module image -->        <\/div>\n                        <\/div>\n        <\/div>\n                        <div  data-lazy=\"1\" class=\"module_row themify_builder_row tb_ucnd361 tf_w\">\n                        <div class=\"row_inner col_align_bottom tb_col_count_1 tf_box tf_rel\">\n                        <div  data-lazy=\"1\" class=\"module_column tb-column col-full tb_384k363 first\">\n                            <div  data-lazy=\"1\" class=\"module_subrow themify_builder_sub_row tf_w col_align_top tb_col_count_3 tb_egga104\">\n                <div  data-lazy=\"1\" class=\"module_column sub_column col3-1 tb_djcy105 first\">\n                    <!-- module text -->\n<div  class=\"module module-text tb_vncw113  repeat \" data-lazy=\"1\">\n        <div  class=\"tb_text_wrap\">\n        \n          <h3>Contact us <br>and\u2026<\/h3>\n            <\/div>\n<\/div>\n<!-- \/module text -->        <\/div>\n                    <div  data-lazy=\"1\" class=\"module_column sub_column col3-1 tb_w8r2929\">\n                    <!-- module text -->\n<div  class=\"module module-text tb_luj2930  repeat \" data-lazy=\"1\">\n        <div  class=\"tb_text_wrap\">\n        \n          <h3>Present your expectations<\/h3>\n            <\/div>\n<\/div>\n<!-- \/module text -->        <\/div>\n                    <div  data-lazy=\"1\" class=\"module_column sub_column col3-1 tb_c9bp53 last\">\n                    <!-- module text -->\n<div  class=\"module module-text tb_edm554  repeat \" data-lazy=\"1\">\n        <div  class=\"tb_text_wrap\">\n        \n          <h3>Take advantage of our best offer<\/h3>\n            <\/div>\n<\/div>\n<!-- \/module text -->        <\/div>\n                    <\/div>\n        <!-- module text -->\n<div  class=\"module module-text tb_l6ip548   \" data-lazy=\"1\">\n        <div  class=\"tb_text_wrap\">\n        \n          <p>\n            <span style=\"font-weight: 400;\">Do you want to have a place in Majorca for your excursions? Or maybe you want to earn by renting your property? Everything is possible, the main thing is to take the first step and contact us.<\/span>\n          <\/p>\n            <\/div>\n<\/div>\n<!-- \/module text -->        <\/div>\n                        <\/div>\n        <\/div>\n                        <div  data-lazy=\"1\" class=\"module_row themify_builder_row tb_dkbm663 tf_w\">\n                        <div class=\"row_inner col_auto_height col_align_top tb_col_count_1 tf_box tf_rel\">\n                        <div  data-lazy=\"1\" class=\"module_column tb-column col-full tb_qcld666 first\">\n                            <div  data-lazy=\"1\" class=\"module_subrow themify_builder_sub_row tf_w col_auto_height col_align_middle tb_col_count_2 tb_yvuz298\">\n                <div  data-lazy=\"1\" class=\"module_column sub_column col4-1 tb_wya8300 first\">\n                    <!-- module text -->\n<div  class=\"module module-text tb_djyn301  repeat \" data-lazy=\"1\">\n        <div  class=\"tb_text_wrap\">\n        \n          <h3>M<\/h3>\n            <\/div>\n<\/div>\n<!-- \/module text -->        <\/div>\n                    <div  data-lazy=\"1\" class=\"module_column sub_column col4-3 tb_qk23301 last\">\n                    <!-- module text -->\n<div  class=\"module module-text tb_7bok302   \" data-lazy=\"1\">\n        <div  class=\"tb_text_wrap\">\n        \n          <h3>MAYS<\/h3>\n          \n\n          <p>\n            <span style=\"font-weight: 400;\">We constantly improve our team and enter new markets, offering our professionalism.<\/span>\n          <\/p>\n            <\/div>\n<\/div>\n<!-- \/module text -->        <\/div>\n                    <\/div>\n                <div  data-lazy=\"1\" class=\"module_subrow themify_builder_sub_row tf_w col_auto_height col_align_middle tb_col_count_2 tb_7cfh183\">\n                <div  data-lazy=\"1\" class=\"module_column sub_column col4-1 tb_erh4183 first\">\n                    <!-- module text -->\n<div  class=\"module module-text tb_zdoq184  repeat \" data-lazy=\"1\">\n        <div  class=\"tb_text_wrap\">\n        \n          <h3>F<\/h3>\n            <\/div>\n<\/div>\n<!-- \/module text -->        <\/div>\n                    <div  data-lazy=\"1\" class=\"module_column sub_column col4-3 tb_2rke184 last\">\n                    <!-- module text -->\n<div  class=\"module module-text tb_ed7l184   \" data-lazy=\"1\">\n        <div  class=\"tb_text_wrap\">\n        \n          <h3>FAMILY<\/h3>\n          \n\n          <p>\n            <span style=\"font-weight: 400;\">We are like a family, thanks to which not only our employees, but most of all our clients feel very comfortable with us.<\/span>\n          <\/p>\n            <\/div>\n<\/div>\n<!-- \/module text -->        <\/div>\n                    <\/div>\n                <div  data-lazy=\"1\" class=\"module_subrow themify_builder_sub_row tf_w col_auto_height col_align_middle tb_col_count_2 tb_leu9919\">\n                <div  data-lazy=\"1\" class=\"module_column sub_column col4-1 tb_x0ui919 first\">\n                    <!-- module text -->\n<div  class=\"module module-text tb_oin9919  repeat \" data-lazy=\"1\">\n        <div  class=\"tb_text_wrap\">\n        \n          <h3>C<\/h3>\n            <\/div>\n<\/div>\n<!-- \/module text -->        <\/div>\n                    <div  data-lazy=\"1\" class=\"module_column sub_column col4-3 tb_k2lf920 last\">\n                    <!-- module text -->\n<div  class=\"module module-text tb_hyc3920   \" data-lazy=\"1\">\n        <div  class=\"tb_text_wrap\">\n        \n          <h3>COMPANY<\/h3>\n          \n\n          <p>\n            <span style=\"font-weight: 400;\">All these factors result in the fact that the group of our clients is growing at a very fast pace from year to year.<\/span>\n          <\/p>\n            <\/div>\n<\/div>\n<!-- \/module text -->        <\/div>\n                    <\/div>\n                <\/div>\n                        <\/div>\n        <\/div>\n                        <div  data-css_id=\"hq1c447\" data-lazy=\"1\" class=\"module_row themify_builder_row fullwidth tb_hq1c447 tf_w\">\n                        <div class=\"row_inner gutter-none col_align_middle tb_col_count_2 tf_box tf_rel\">\n                        <div  data-lazy=\"1\" class=\"module_column tb-column col4-1 tb_yfpo449 first\">\n                    <!-- module text -->\n<div  class=\"module module-text tb_7j8z341   \" data-lazy=\"1\">\n        <div  class=\"tb_text_wrap\">\n        \n          <h4>Apart from dealing with real estate, we also rent cars<\/h4>\n            <\/div>\n<\/div>\n<!-- \/module text --><!-- module text -->\n<div  class=\"module module-text tb_ko47662   \" data-lazy=\"1\">\n        <div  class=\"tb_text_wrap\">\n        \n          <p>\n            <span style=\"font-weight: 400;\">We offer several dozen <strong>PREMIUM<\/strong> cars.<\/span>\n          <\/p>\n            <\/div>\n<\/div>\n<!-- \/module text --><!-- module buttons -->\n<div  class=\"module module-buttons tb_m1cc448 buttons-horizontal outline \" data-lazy=\"1\">\n        <div class=\"module-buttons-item tf_in_flx\">\n                        <a href=\"https:\/\/mays.com.pl\" class=\"ui builder_button tf_in_flx blue\" >\n                                                Check our offer                                        <\/a>\n                <\/div>\n            <\/div>\n<!-- \/module buttons -->\n        <\/div>\n                    <div  data-lazy=\"1\" class=\"module_column tb-column col4-3 tb_7mkz531 last\">\n                    <!-- module image -->\n<div  class=\"module module-image tb_zubj59 image-top   auto_fullwidth tf_mw\" data-lazy=\"1\">\n        <div class=\"image-wrap tf_rel tf_mw\">\n            <img loading=\"lazy\" decoding=\"async\" src=\"https:\/\/maysfc.com\/wp-content\/uploads\/2022\/02\/bmw-g6e173e5e0_1920-1024x683-645x395.jpg\" width=\"645\" height=\"395\" class=\"wp-post-image wp-image-135\" title=\"bmw-g6e173e5e0_1920\" alt=\"bmw-g6e173e5e0_1920\">    \n        <\/div>\n    <!-- \/image-wrap -->\n    \n        <\/div>\n<!-- \/module image -->        <\/div>\n                        <\/div>\n        <\/div>\n        <\/div>\n<!--\/themify_builder_content--><!-- AddThis Advanced Settings generic via filter on the_content --><!-- AddThis Share Buttons generic via filter on the_content -->","protected":false},"excerpt":{"rendered":"<p>Jeste\u015bmy firm\u0105 posiadaj\u0105c\u0105 kilkudziesi\u0119cioletnie do\u015bwiadczeniew miedzynarodowym po\u015brednictwiesprzeda\u017cy nieruchomo\u015bci. Nasz zesp\u00f3\u0142 sk\u0142ada si\u0119 z mi\u0119dzynarodowych profesjonalist\u00f3w, kt\u00f3rzy maj\u0105 na swoim koncie pomoc w kupnie\/sprzeda\u017cy kilkunastu tysi\u0119cy nieruchomo\u015bci.Doradzamy w wyborze najlepszej nieruchomo\u015bci, jak r\u00f3wnie\u017c w wyborze najkorzystniejszej oferty kredytowania dla swojej wymarzonej nieruchomo\u015bci. Skontaktuj si\u0119 z nami i &#8230; Przedstaw swoje oczekiwania Skorzystaj z naszej najlepszej oferty [&hellip;]<!-- AddThis Advanced Settings generic via filter on get_the_excerpt --><!-- AddThis Share Buttons generic via filter on get_the_excerpt --><\/p>\n","protected":false},"author":1,"featured_media":0,"parent":0,"menu_order":0,"comment_status":"closed","ping_status":"closed","template":"","meta":{"iawp_total_views":16,"footnotes":""},"class_list":["post-151","page","type-page","status-publish","hentry","has-post-title","has-post-date","has-post-category","has-post-tag","has-post-comment","has-post-author",""],"_links":{"self":[{"href":"https:\/\/maysfc.com\/en\/wp-json\/wp\/v2\/pages\/151","targetHints":{"allow":["GET"]}}],"collection":[{"href":"https:\/\/maysfc.com\/en\/wp-json\/wp\/v2\/pages"}],"about":[{"href":"https:\/\/maysfc.com\/en\/wp-json\/wp\/v2\/types\/page"}],"author":[{"embeddable":true,"href":"https:\/\/maysfc.com\/en\/wp-json\/wp\/v2\/users\/1"}],"replies":[{"embeddable":true,"href":"https:\/\/maysfc.com\/en\/wp-json\/wp\/v2\/comments?post=151"}],"version-history":[{"count":1,"href":"https:\/\/maysfc.com\/en\/wp-json\/wp\/v2\/pages\/151\/revisions"}],"predecessor-version":[{"id":152,"href":"https:\/\/maysfc.com\/en\/wp-json\/wp\/v2\/pages\/151\/revisions\/152"}],"wp:attachment":[{"href":"https:\/\/maysfc.com\/en\/wp-json\/wp\/v2\/media?parent=151"}],"curies":[{"name":"wp","href":"https:\/\/api.w.org\/{rel}","templated":true}]}}