{"id":168,"date":"2020-07-01T10:58:16","date_gmt":"2020-07-01T10:58:16","guid":{"rendered":"https:\/\/maysfc.com\/startseite\/"},"modified":"2024-08-29T12:54:20","modified_gmt":"2024-08-29T12:54:20","slug":"startseite","status":"publish","type":"page","link":"https:\/\/maysfc.com\/de\/","title":{"rendered":"Startseite"},"content":{"rendered":"<!--themify_builder_content-->\n<div id=\"themify_builder_content-168\" data-postid=\"168\" class=\"themify_builder_content themify_builder_content-168 themify_builder tf_clear\">\n                    <div  data-css_id=\"mwy5902\" data-lazy=\"1\" class=\"module_row themify_builder_row fullwidth_row_container tb_mwy5902 tb_first tf_w\">\n                        <div class=\"row_inner col_align_top tb_col_count_2 tf_box tf_rel\">\n                        <div  data-lazy=\"1\" class=\"module_column tb-column col3-1 tb_b7ur907 first\">\n                    <!-- module text -->\n<div  class=\"module module-text tb_g840909   \" data-lazy=\"1\">\n        <div  class=\"tb_text_wrap\">\n        <h4>Unsere Spezialit\u00e4t ist:<\/h4>\n<h2>Autos und Immobilien<\/h2>\n<h4><strong>Sehen Sie, was wir zu bieten haben<\/strong><\/h4>    <\/div>\n<\/div>\n<!-- \/module text --><!-- module buttons -->\n<div  class=\"module module-buttons tb_itxr910 buttons-horizontal outline   squared\" data-lazy=\"1\">\n        <div class=\"module-buttons-item tf_in_flx\">\n                        <a href=\"#Angebot\" class=\"ui builder_button tf_in_flx blue\" >\n                                                Pr\u00fcfen Sie unser Angebot                                        <\/a>\n                <\/div>\n            <\/div>\n<!-- \/module buttons -->\n        <\/div>\n                    <div  data-lazy=\"1\" class=\"module_column tb-column col3-2 tb_0nk6911 last\">\n                            <\/div>\n                        <\/div>\n        <\/div>\n                        <div  id=\"oferta-2-2-2-2\" data-lazy=\"1\" class=\"module_row themify_builder_row tb_ya3e966 tf_w\">\n                        <div class=\"row_inner col_align_top tb_col_count_2 tf_box tf_rel\">\n                        <div  data-lazy=\"1\" class=\"module_column tb-column col4-2 tb_56wm966 first\">\n                    <!-- module image -->\n<div  class=\"module module-image tb_m8ti966 image-top   tf_mw\" data-lazy=\"1\" data-lax-translate-y=\"(vh*1) 0,(vh*0) -70\" data-lax=\"true\">\n        <div class=\"image-wrap tf_rel tf_mw\">\n            <img loading=\"lazy\" decoding=\"async\" src=\"https:\/\/maysfc.com\/wp-content\/uploads\/2022\/02\/nieruchomos\u0301ci-Majorka-769x1024-500x600.webp\" width=\"500\" height=\"600\" class=\"wp-post-image wp-image-116\" title=\"nieruchomos\u0301ci Majorka\" alt=\"nieruchomos\u0301ci Majorka\">    \n        <\/div>\n    <!-- \/image-wrap -->\n    \n        <\/div>\n<!-- \/module image -->        <\/div>\n                    <div  data-lazy=\"1\" class=\"module_column tb-column col4-2 tb_0kxi966 last\">\n                    <!-- module text -->\n<div  class=\"module module-text tb_lqa4966   \" data-lazy=\"1\">\n        <div  class=\"tb_text_wrap\">\n        <h2>Sie suchen eine Immobilie in idealer Lage?<\/h2>\n<p><span style=\"font-weight: 400;\">Sie sind herzlich willkommen, wir haben viele attraktive Immobilien auf Mallorca im Angebot! Genie\u00dfen Sie das sch\u00f6ne Wetter, w\u00e4hrend Sie in Ihrem neuen Haus, Ihrer neuen Wohnung oder vielleicht Ihrer neuen Eigentumswohnung sitzen&#8230;.<\/span><\/p>    <\/div>\n<\/div>\n<!-- \/module text --><!-- module buttons -->\n<div  class=\"module module-buttons tb_uiab966 buttons-horizontal outline  \" data-lazy=\"1\">\n        <div class=\"module-buttons-item tf_in_flx\">\n                        <a href=\"https:\/\/mayshome.pl\" class=\"ui builder_button tf_in_flx blue\" >\n                                                Pr\u00fcfen Sie unser Angebot                                        <\/a>\n                <\/div>\n            <\/div>\n<!-- \/module buttons -->\n        <div  data-lazy=\"1\" class=\"module_subrow themify_builder_sub_row tf_w col_align_top tb_col_count_1 tb_6k49966\">\n                <div  data-lazy=\"1\" class=\"module_column sub_column col-full tb_5o3p966 first\">\n                            <\/div>\n                    <\/div>\n                <\/div>\n                        <\/div>\n        <\/div>\n                        <div  data-css_id=\"wxzf903\" data-lazy=\"1\" class=\"module_row themify_builder_row fullwidth tb_wxzf903 tf_w\">\n                        <div class=\"row_inner col_align_middle gutter-none tb_col_count_2 tf_box tf_rel\">\n                        <div  data-lazy=\"1\" class=\"module_column tb-column col4-2 tb_rttr925 first\">\n                    <!-- module image -->\n<div  class=\"module module-image tb_4zak806 image-top   auto_fullwidth tf_mw\" data-lazy=\"1\" data-lax-translate-y=\"(vh*1) 0,(vh*0) -70\" data-lax=\"true\">\n        <div class=\"image-wrap tf_rel tf_mw\">\n            <img loading=\"lazy\" decoding=\"async\" src=\"https:\/\/maysfc.com\/wp-content\/uploads\/2022\/02\/tesla_sedan_3_photo_092-1024x576-800x512.webp\" width=\"800\" height=\"512\" class=\"wp-post-image wp-image-118\" title=\"tesla_sedan_3_photo_092\" alt=\"tesla_sedan_3_photo_092\">    \n        <\/div>\n    <!-- \/image-wrap -->\n    \n        <\/div>\n<!-- \/module image -->        <\/div>\n                    <div  data-lazy=\"1\" class=\"module_column tb-column col4-2 tb_4p0f926 last\">\n                    <!-- module text -->\n<div  class=\"module module-text tb_y59p926   \" data-lazy=\"1\">\n        <div  class=\"tb_text_wrap\">\n        <h2>Oder sind Sie an einem PREMIUM-Auto interessiert?<\/h2>    <\/div>\n<\/div>\n<!-- \/module text --><!-- module text -->\n<div  class=\"module module-text tb_f4yw927   \" data-lazy=\"1\">\n        <div  class=\"tb_text_wrap\">\n        <p><span style=\"font-weight: 400;\">Wir verf\u00fcgen \u00fcber eine Flotte von <strong>PREMIUM-Fahrzeugen<\/strong>, die Sie bei uns f\u00fcr Tage, Wochen oder sogar Monate mieten k\u00f6nnen.<\/span><\/p>    <\/div>\n<\/div>\n<!-- \/module text --><!-- module buttons -->\n<div  class=\"module module-buttons tb_n8dc927 buttons-horizontal outline   squared\" data-lazy=\"1\">\n        <div class=\"module-buttons-item tf_in_flx\">\n                        <a href=\"https:\/\/www.mays.com.pl\/\" class=\"ui builder_button tf_in_flx blue\" >\n                                                Pr\u00fcfen Sie unser Angebot                                        <\/a>\n                <\/div>\n            <\/div>\n<!-- \/module buttons -->\n        <\/div>\n                        <\/div>\n        <\/div>\n                        <div  data-lazy=\"1\" class=\"module_row themify_builder_row tb_w91z637 tf_w\">\n                        <div class=\"row_inner col_align_top tb_col_count_1 tf_box tf_rel\">\n                        <div  data-lazy=\"1\" class=\"module_column tb-column col-full tb_266b638 first\">\n                            <\/div>\n                        <\/div>\n        <\/div>\n        <\/div>\n<!--\/themify_builder_content--><!-- AddThis Advanced Settings generic via filter on the_content --><!-- AddThis Share Buttons generic via filter on the_content -->","protected":false},"excerpt":{"rendered":"<p>Nasza specjalno\u015b\u0107 to: Samochody i Nieruchomo\u015bci Zobacz co mamy do zaoferowania Sprawd\u017a nasz\u0105 ofert\u0119 Szukasz nieruchomo\u015bci w idealnym miejscu? Zapraszamy, mamy w ofercie wiele atrakcyjnych nieruchomo\u015bci na Majorce! Mo\u017cesz ju\u017c dzisiaj cieszy\u0107 si\u0119 pi\u0119kn\u0105 pogod\u0105 siedz\u0105c w swoim nowym domu, apartamencie, a mo\u017ce mieszkaniu&#8230;\u00a0 Sprawd\u017a nasz\u0105 ofert\u0119 A mo\u017ce interesuje Ci\u0119 samoch\u00f3d PREMIUM? Dysponujemy parkiem [&hellip;]<!-- AddThis Advanced Settings generic via filter on get_the_excerpt --><!-- AddThis Share Buttons generic via filter on get_the_excerpt --><\/p>\n","protected":false},"author":1,"featured_media":0,"parent":0,"menu_order":0,"comment_status":"closed","ping_status":"closed","template":"","meta":{"iawp_total_views":26,"footnotes":""},"class_list":["post-168","page","type-page","status-publish","hentry","has-post-title","has-post-date","has-post-category","has-post-tag","has-post-comment","has-post-author",""],"_links":{"self":[{"href":"https:\/\/maysfc.com\/de\/wp-json\/wp\/v2\/pages\/168","targetHints":{"allow":["GET"]}}],"collection":[{"href":"https:\/\/maysfc.com\/de\/wp-json\/wp\/v2\/pages"}],"about":[{"href":"https:\/\/maysfc.com\/de\/wp-json\/wp\/v2\/types\/page"}],"author":[{"embeddable":true,"href":"https:\/\/maysfc.com\/de\/wp-json\/wp\/v2\/users\/1"}],"replies":[{"embeddable":true,"href":"https:\/\/maysfc.com\/de\/wp-json\/wp\/v2\/comments?post=168"}],"version-history":[{"count":6,"href":"https:\/\/maysfc.com\/de\/wp-json\/wp\/v2\/pages\/168\/revisions"}],"predecessor-version":[{"id":221,"href":"https:\/\/maysfc.com\/de\/wp-json\/wp\/v2\/pages\/168\/revisions\/221"}],"wp:attachment":[{"href":"https:\/\/maysfc.com\/de\/wp-json\/wp\/v2\/media?parent=168"}],"curies":[{"name":"wp","href":"https:\/\/api.w.org\/{rel}","templated":true}]}}